{"id":500,"date":"2021-05-02T14:58:59","date_gmt":"2021-05-02T13:58:59","guid":{"rendered":"https:\/\/www.allegra.academy\/?page_id=500"},"modified":"2021-06-03T14:20:27","modified_gmt":"2021-06-03T13:20:27","slug":"condizioni","status":"publish","type":"page","link":"https:\/\/www.allegra.academy\/it\/agb\/","title":{"rendered":"Termini di servizio"},"content":{"rendered":"<div data-elementor-type=\"wp-page\" data-elementor-id=\"500\" class=\"elementor elementor-500\" data-elementor-post-type=\"page\">\n\t\t\t\t\t\t<section class=\"elementor-section elementor-top-section elementor-element elementor-element-57029fe elementor-section-boxed elementor-section-height-default elementor-section-height-default\" data-id=\"57029fe\" data-element_type=\"section\" data-e-type=\"section\">\n\t\t\t\t\t\t<div class=\"elementor-container elementor-column-gap-default\">\n\t\t\t\t\t<div class=\"elementor-column elementor-col-100 elementor-top-column elementor-element elementor-element-3876a83\" data-id=\"3876a83\" data-element_type=\"column\" data-e-type=\"column\">\n\t\t\t<div class=\"elementor-widget-wrap elementor-element-populated\">\n\t\t\t\t\t\t<div class=\"elementor-element elementor-element-6a747c0 elementor-widget elementor-widget-text-editor\" data-id=\"6a747c0\" data-element_type=\"widget\" data-e-type=\"widget\" data-widget_type=\"text-editor.default\">\n\t\t\t\t<div class=\"elementor-widget-container\">\n\t\t\t\t\t\t\t\t\t<div><h3>registrazione<\/h3><\/div><div><p>Registrandosi sul nostro sito web www.allegra.academy, gli utenti sono iscritti in modo vincolante. Possono registrarsi solo le persone che lavorano per organizzazioni con sede nei Grigioni. La registrazione sar\u00e0 confermata via e-mail. Con l&#039;iscrizione i termini e le condizioni si intendono accettati.<\/p><\/div><div><h3>Disponibilit\u00e0 del corso<\/h3><\/div><div><p>Dopo la registrazione valida, tutti i corsi sono disponibili fino alla fine dell&#039;anno solare 2021. Allegra Academy si riserva il diritto di integrare, sostituire e cancellare i corsi.<\/p><\/div><div><h3>privacy<\/h3><\/div><div><p><a href=\"https:\/\/www.allegra.academy\/it\/protezione-dati\/\">Vedi informativa sulla privacy.<\/a><\/p><\/div><div><h3>Responsabilit\u00e0<\/h3><\/div><div><p>L&#039;Accademia Allegra \u00e8 responsabile nei confronti del cliente per la fornitura attenta e contrattuale dei propri servizi. I contenuti dei corsi sono progettati al meglio delle nostre conoscenze e convinzioni. L&#039;Accademia Allegra declina ogni responsabilit\u00e0 che possa derivare dall&#039;uso dei contenuti didattici.<\/p><h3>Propriet\u00e0 intellettuale<\/h3><p>Il contenuto didattico \u00e8 propriet\u00e0 intellettuale di Allegra Academy o dei suoi partner. Il contenuto didattico non pu\u00f2 essere trasmesso in nessuna forma.<\/p><\/div><div><h3>Prezzi e fatturazione<\/h3><\/div><div><p>La partecipazione all&#039;Accademia Allegra \u00e8 gratuita per le persone e le organizzazioni con sede nel cantone dei Grigioni.<\/p><\/div><div><h3>foro competente<\/h3><\/div><div><p>Si applica il diritto svizzero. Foro competente \u00e8 Pontresina.<\/p><\/div><div><p>\u00a0<\/p><\/div><div><p>Pontresina, 3 giugno 2021<\/p><\/div>\t\t\t\t\t\t\t\t<\/div>\n\t\t\t\t<\/div>\n\t\t\t\t\t<\/div>\n\t\t<\/div>\n\t\t\t\t\t<\/div>\n\t\t<\/section>\n\t\t\t\t<\/div>","protected":false},"excerpt":{"rendered":"<p>Anmeldung Mit der Registrierung\u00a0auf unserer Webseite, www.allegra.academy, sind Nutzer verbindlich angemeldet. Anmeldeberechtigt sind nur Personen, welche f\u00fcr Organisationen mit Sitz in Graub\u00fcnden t\u00e4tig sind. Die Best\u00e4tigung der Anmeldung erfolgt per Email. Mit der Anmeldung gelten die AGB als akzeptiert. Verf\u00fcgbarkeit der Kurse Nach g\u00fcltiger Anmeldung stehen alle Kurse bis zum Ende des Kalenderjahres 2021 zur [&hellip;]<\/p>\n","protected":false},"author":489,"featured_media":0,"parent":0,"menu_order":0,"comment_status":"closed","ping_status":"closed","template":"","meta":{"site-sidebar-layout":"no-sidebar","site-content-layout":"page-builder","ast-site-content-layout":"default","site-content-style":"default","site-sidebar-style":"default","ast-global-header-display":"","ast-banner-title-visibility":"","ast-main-header-display":"","ast-hfb-above-header-display":"","ast-hfb-below-header-display":"","ast-hfb-mobile-header-display":"","site-post-title":"disabled","ast-breadcrumbs-content":"","ast-featured-img":"disabled","footer-sml-layout":"","ast-disable-related-posts":"","theme-transparent-header-meta":"default","adv-header-id-meta":"","stick-header-meta":"","header-above-stick-meta":"","header-main-stick-meta":"","header-below-stick-meta":"","astra-migrate-meta-layouts":"default","ast-page-background-enabled":"default","ast-page-background-meta":{"desktop":{"background-color":"","background-image":"","background-repeat":"repeat","background-position":"center center","background-size":"auto","background-attachment":"scroll","background-type":"","background-media":"","overlay-type":"","overlay-color":"","overlay-opacity":"","overlay-gradient":""},"tablet":{"background-color":"","background-image":"","background-repeat":"repeat","background-position":"center center","background-size":"auto","background-attachment":"scroll","background-type":"","background-media":"","overlay-type":"","overlay-color":"","overlay-opacity":"","overlay-gradient":""},"mobile":{"background-color":"","background-image":"","background-repeat":"repeat","background-position":"center center","background-size":"auto","background-attachment":"scroll","background-type":"","background-media":"","overlay-type":"","overlay-color":"","overlay-opacity":"","overlay-gradient":""}},"ast-content-background-meta":{"desktop":{"background-color":"var(--ast-global-color-5)","background-image":"","background-repeat":"repeat","background-position":"center center","background-size":"auto","background-attachment":"scroll","background-type":"","background-media":"","overlay-type":"","overlay-color":"","overlay-opacity":"","overlay-gradient":""},"tablet":{"background-color":"var(--ast-global-color-5)","background-image":"","background-repeat":"repeat","background-position":"center center","background-size":"auto","background-attachment":"scroll","background-type":"","background-media":"","overlay-type":"","overlay-color":"","overlay-opacity":"","overlay-gradient":""},"mobile":{"background-color":"var(--ast-global-color-5)","background-image":"","background-repeat":"repeat","background-position":"center center","background-size":"auto","background-attachment":"scroll","background-type":"","background-media":"","overlay-type":"","overlay-color":"","overlay-opacity":"","overlay-gradient":""}},"footnotes":""},"class_list":["post-500","page","type-page","status-publish","hentry"],"yoast_head":"<!-- This site is optimized with the Yoast SEO plugin v27.6 - https:\/\/yoast.com\/product\/yoast-seo-wordpress\/ -->\n<title>Allgemeine Gesch\u00e4ftsbedingungen - ALLEGRA ACADEMY<\/title>\n<meta name=\"robots\" content=\"index, follow, max-snippet:-1, max-image-preview:large, max-video-preview:-1\" \/>\n<link rel=\"canonical\" href=\"https:\/\/www.allegra.academy\/it\/condizioni\/\" \/>\n<meta property=\"og:locale\" content=\"it_IT\" \/>\n<meta property=\"og:type\" content=\"article\" \/>\n<meta property=\"og:title\" content=\"Allgemeine Gesch\u00e4ftsbedingungen - ALLEGRA ACADEMY\" \/>\n<meta property=\"og:description\" content=\"Anmeldung Mit der Registrierung\u00a0auf unserer Webseite, www.allegra.academy, sind Nutzer verbindlich angemeldet. Anmeldeberechtigt sind nur Personen, welche f\u00fcr Organisationen mit Sitz in Graub\u00fcnden t\u00e4tig sind. Die Best\u00e4tigung der Anmeldung erfolgt per Email. Mit der Anmeldung gelten die AGB als akzeptiert. Verf\u00fcgbarkeit der Kurse Nach g\u00fcltiger Anmeldung stehen alle Kurse bis zum Ende des Kalenderjahres 2021 zur [&hellip;]\" \/>\n<meta property=\"og:url\" content=\"https:\/\/www.allegra.academy\/it\/condizioni\/\" \/>\n<meta property=\"og:site_name\" content=\"ALLEGRA ACADEMY\" \/>\n<meta property=\"article:modified_time\" content=\"2021-06-03T13:20:27+00:00\" \/>\n<meta name=\"twitter:card\" content=\"summary_large_image\" \/>\n<meta name=\"twitter:label1\" content=\"Tempo di lettura stimato\" \/>\n\t<meta name=\"twitter:data1\" content=\"1 minuto\" \/>\n<script type=\"application\/ld+json\" class=\"yoast-schema-graph\">{\"@context\":\"https:\\\/\\\/schema.org\",\"@graph\":[{\"@type\":\"WebPage\",\"@id\":\"https:\\\/\\\/www.allegra.academy\\\/agb\\\/\",\"url\":\"https:\\\/\\\/www.allegra.academy\\\/agb\\\/\",\"name\":\"Allgemeine Gesch\u00e4ftsbedingungen - ALLEGRA ACADEMY\",\"isPartOf\":{\"@id\":\"https:\\\/\\\/www.allegra.academy\\\/#website\"},\"datePublished\":\"2021-05-02T13:58:59+00:00\",\"dateModified\":\"2021-06-03T13:20:27+00:00\",\"breadcrumb\":{\"@id\":\"https:\\\/\\\/www.allegra.academy\\\/agb\\\/#breadcrumb\"},\"inLanguage\":\"it-IT\",\"potentialAction\":[{\"@type\":\"ReadAction\",\"target\":[\"https:\\\/\\\/www.allegra.academy\\\/agb\\\/\"]}]},{\"@type\":\"BreadcrumbList\",\"@id\":\"https:\\\/\\\/www.allegra.academy\\\/agb\\\/#breadcrumb\",\"itemListElement\":[{\"@type\":\"ListItem\",\"position\":1,\"name\":\"Startseite\",\"item\":\"https:\\\/\\\/www.allegra.academy\\\/\"},{\"@type\":\"ListItem\",\"position\":2,\"name\":\"Allgemeine Gesch\u00e4ftsbedingungen\"}]},{\"@type\":\"WebSite\",\"@id\":\"https:\\\/\\\/www.allegra.academy\\\/#website\",\"url\":\"https:\\\/\\\/www.allegra.academy\\\/\",\"name\":\"ALLEGRA ACADEMY\",\"description\":\"Eine Plattform f\u00fcr die Weiterbildung im Mountainbike-Tourismus und Langsamverkehr in Graub\u00fcnden.\",\"publisher\":{\"@id\":\"https:\\\/\\\/www.allegra.academy\\\/#organization\"},\"potentialAction\":[{\"@type\":\"SearchAction\",\"target\":{\"@type\":\"EntryPoint\",\"urlTemplate\":\"https:\\\/\\\/www.allegra.academy\\\/?s={search_term_string}\"},\"query-input\":{\"@type\":\"PropertyValueSpecification\",\"valueRequired\":true,\"valueName\":\"search_term_string\"}}],\"inLanguage\":\"it-IT\"},{\"@type\":\"Organization\",\"@id\":\"https:\\\/\\\/www.allegra.academy\\\/#organization\",\"name\":\"Allegra Academy\",\"url\":\"https:\\\/\\\/www.allegra.academy\\\/\",\"logo\":{\"@type\":\"ImageObject\",\"inLanguage\":\"it-IT\",\"@id\":\"https:\\\/\\\/www.allegra.academy\\\/#\\\/schema\\\/logo\\\/image\\\/\",\"url\":\"https:\\\/\\\/www.allegra.academy\\\/wp-content\\\/uploads\\\/2021\\\/06\\\/allegra-academy-logo-black.svg\",\"contentUrl\":\"https:\\\/\\\/www.allegra.academy\\\/wp-content\\\/uploads\\\/2021\\\/06\\\/allegra-academy-logo-black.svg\",\"width\":187,\"height\":56,\"caption\":\"Allegra Academy\"},\"image\":{\"@id\":\"https:\\\/\\\/www.allegra.academy\\\/#\\\/schema\\\/logo\\\/image\\\/\"}}]}<\/script>\n<!-- \/ Yoast SEO plugin. -->","yoast_head_json":{"title":"Termini e Condizioni - ACCADEMIA ALLEGRA","robots":{"index":"index","follow":"follow","max-snippet":"max-snippet:-1","max-image-preview":"max-image-preview:large","max-video-preview":"max-video-preview:-1"},"canonical":"https:\/\/www.allegra.academy\/it\/condizioni\/","og_locale":"it_IT","og_type":"article","og_title":"Allgemeine Gesch\u00e4ftsbedingungen - ALLEGRA ACADEMY","og_description":"Anmeldung Mit der Registrierung\u00a0auf unserer Webseite, www.allegra.academy, sind Nutzer verbindlich angemeldet. Anmeldeberechtigt sind nur Personen, welche f\u00fcr Organisationen mit Sitz in Graub\u00fcnden t\u00e4tig sind. Die Best\u00e4tigung der Anmeldung erfolgt per Email. Mit der Anmeldung gelten die AGB als akzeptiert. Verf\u00fcgbarkeit der Kurse Nach g\u00fcltiger Anmeldung stehen alle Kurse bis zum Ende des Kalenderjahres 2021 zur [&hellip;]","og_url":"https:\/\/www.allegra.academy\/it\/condizioni\/","og_site_name":"ALLEGRA ACADEMY","article_modified_time":"2021-06-03T13:20:27+00:00","twitter_card":"summary_large_image","twitter_misc":{"Tempo di lettura stimato":"1 minuto"},"schema":{"@context":"https:\/\/schema.org","@graph":[{"@type":"WebPage","@id":"https:\/\/www.allegra.academy\/agb\/","url":"https:\/\/www.allegra.academy\/agb\/","name":"Termini e Condizioni - ACCADEMIA ALLEGRA","isPartOf":{"@id":"https:\/\/www.allegra.academy\/#website"},"datePublished":"2021-05-02T13:58:59+00:00","dateModified":"2021-06-03T13:20:27+00:00","breadcrumb":{"@id":"https:\/\/www.allegra.academy\/agb\/#breadcrumb"},"inLanguage":"it-IT","potentialAction":[{"@type":"ReadAction","target":["https:\/\/www.allegra.academy\/agb\/"]}]},{"@type":"BreadcrumbList","@id":"https:\/\/www.allegra.academy\/agb\/#breadcrumb","itemListElement":[{"@type":"ListItem","position":1,"name":"Startseite","item":"https:\/\/www.allegra.academy\/"},{"@type":"ListItem","position":2,"name":"Allgemeine Gesch\u00e4ftsbedingungen"}]},{"@type":"WebSite","@id":"https:\/\/www.allegra.academy\/#website","url":"https:\/\/www.allegra.academy\/","name":"ACCADEMIA ALLEGRA","description":"Una piattaforma per la formazione continua nel turismo in mountain bike e nel traffico non motorizzato nei Grigioni.","publisher":{"@id":"https:\/\/www.allegra.academy\/#organization"},"potentialAction":[{"@type":"SearchAction","target":{"@type":"EntryPoint","urlTemplate":"https:\/\/www.allegra.academy\/?s={search_term_string}"},"query-input":{"@type":"PropertyValueSpecification","valueRequired":true,"valueName":"search_term_string"}}],"inLanguage":"it-IT"},{"@type":"Organization","@id":"https:\/\/www.allegra.academy\/#organization","name":"Accademia Allegra","url":"https:\/\/www.allegra.academy\/","logo":{"@type":"ImageObject","inLanguage":"it-IT","@id":"https:\/\/www.allegra.academy\/#\/schema\/logo\/image\/","url":"https:\/\/www.allegra.academy\/wp-content\/uploads\/2021\/06\/allegra-academy-logo-black.svg","contentUrl":"https:\/\/www.allegra.academy\/wp-content\/uploads\/2021\/06\/allegra-academy-logo-black.svg","width":187,"height":56,"caption":"Allegra Academy"},"image":{"@id":"https:\/\/www.allegra.academy\/#\/schema\/logo\/image\/"}}]}},"_links":{"self":[{"href":"https:\/\/www.allegra.academy\/it\/wp-json\/wp\/v2\/pages\/500","targetHints":{"allow":["GET"]}}],"collection":[{"href":"https:\/\/www.allegra.academy\/it\/wp-json\/wp\/v2\/pages"}],"about":[{"href":"https:\/\/www.allegra.academy\/it\/wp-json\/wp\/v2\/types\/page"}],"author":[{"embeddable":true,"href":"https:\/\/www.allegra.academy\/it\/wp-json\/wp\/v2\/users\/489"}],"replies":[{"embeddable":true,"href":"https:\/\/www.allegra.academy\/it\/wp-json\/wp\/v2\/comments?post=500"}],"version-history":[{"count":0,"href":"https:\/\/www.allegra.academy\/it\/wp-json\/wp\/v2\/pages\/500\/revisions"}],"wp:attachment":[{"href":"https:\/\/www.allegra.academy\/it\/wp-json\/wp\/v2\/media?parent=500"}],"curies":[{"name":"wp","href":"https:\/\/api.w.org\/{rel}","templated":true}]}}