{"id":496,"date":"2021-05-02T14:56:55","date_gmt":"2021-05-02T13:56:55","guid":{"rendered":"https:\/\/www.allegra.academy\/?page_id=496"},"modified":"2026-01-07T07:47:10","modified_gmt":"2026-01-07T06:47:10","slug":"impronta","status":"publish","type":"page","link":"https:\/\/www.allegra.academy\/it\/impressum\/","title":{"rendered":"impronta"},"content":{"rendered":"<div data-elementor-type=\"wp-page\" data-elementor-id=\"496\" class=\"elementor elementor-496\" data-elementor-post-type=\"page\">\n\t\t\t\t\t\t<section class=\"elementor-section elementor-top-section elementor-element elementor-element-57aa156 elementor-section-boxed elementor-section-height-default elementor-section-height-default\" data-id=\"57aa156\" data-element_type=\"section\" data-e-type=\"section\">\n\t\t\t\t\t\t<div class=\"elementor-container elementor-column-gap-default\">\n\t\t\t\t\t<div class=\"elementor-column elementor-col-100 elementor-top-column elementor-element elementor-element-26d3753\" data-id=\"26d3753\" data-element_type=\"column\" data-e-type=\"column\">\n\t\t\t<div class=\"elementor-widget-wrap elementor-element-populated\">\n\t\t\t\t\t\t<div class=\"elementor-element elementor-element-b282358 elementor-widget elementor-widget-text-editor\" data-id=\"b282358\" data-element_type=\"widget\" data-e-type=\"widget\" data-widget_type=\"text-editor.default\">\n\t\t\t\t<div class=\"elementor-widget-container\">\n\t\t\t\t\t\t\t\t\t<h3>Allegra International Ltd<\/h3><p>Via da Mulin 10<br \/>7504 Pontresina<br \/>Svizzera<\/p><p>Numero UID: <span style=\"font-weight: 400;\">CHE-415.311.296<\/span><br \/>Sede legale: 7504 Pontresina<\/p><h3><strong>E-mail:<\/strong><\/h3><p><a href=\"mailto:info@allegra.academy\">info@allegra.academy<\/a><\/p><h3><strong>Consigliere delegato<\/strong><\/h3><p>Claudio Balsinger<\/p><h3><strong>struttura proprietaria<\/strong><\/h3><p>Azionisti: Claude Balsiger, Darco Cazin<\/p><h3><strong>Responsabilit\u00e0 per il contenuto di questo sito web<\/strong><\/h3><p>Sviluppiamo costantemente i contenuti di questo sito Web e ci sforziamo di fornire informazioni corrette e aggiornate. Sfortunatamente, non possiamo assumerci alcuna responsabilit\u00e0 per la correttezza dei contenuti di questo sito Web, in particolare quelli forniti da terze parti.<\/p><p>Se noti contenuti problematici o illegali, ti preghiamo di contattarci immediatamente Troverai i dettagli di contatto nell&#039;impronta.<\/p><h3><strong>Responsabilit\u00e0 per link su questo sito\u00a0\u00a0\u00a0\u00a0\u00a0\u00a0\u00a0\u00a0\u00a0\u00a0\u00a0\u00a0\u00a0\u00a0\u00a0\u00a0\u00a0\u00a0\u00a0\u00a0\u00a0\u00a0\u00a0\u00a0\u00a0\u00a0\u00a0\u00a0\u00a0\u00a0\u00a0\u00a0\u00a0\u00a0\u00a0\u00a0\u00a0\u00a0\u00a0\u00a0\u00a0 <\/strong><\/h3><p>Il nostro sito Web contiene collegamenti ad altri siti Web per i quali non siamo responsabili. Non siamo responsabili per i siti Web collegati, poich\u00e9 non eravamo e non siamo a conoscenza di attivit\u00e0 illegali, non abbiamo ancora notato tali attivit\u00e0 illegali e rimuoveremmo immediatamente i collegamenti se venissimo a conoscenza di attivit\u00e0 illegali.<\/p><p>Se noti collegamenti illegali sul nostro sito Web, contattaci. Troverai i dettagli di contatto nell&#039;impronta.<\/p><h3><strong>Avviso sul copyright<\/strong><\/h3><p>Tutti i contenuti di questo sito (immagini, foto, testi, video) sono soggetti a copyright. Se necessario, perseguiremo l&#039;uso non autorizzato di parti del contenuto del nostro sito.<\/p><h3><strong>Credito immagine<\/strong><\/h3><p>Le immagini, le foto e la grafica di questo sito Web sono protette da copyright.<\/p><p>Immagine in primo piano (Corso 01 De de): \u00a9 Canyon \/ <a href=\"http:\/\/www.canyon.com\">www.canyon.com<\/a><\/p><p style=\"box-sizing: border-box; border: 0px; font-size: 20px; font-style: normal; font-weight: 400; margin: 0px 0px 1em; outline: 0px; padding: 0px; vertical-align: baseline; caret-color: #3c3c3c; color: #3c3c3c; font-family: 'Roboto Slab', sans-serif; font-variant-caps: normal; letter-spacing: normal; orphans: auto; text-align: start; text-indent: 0px; text-transform: none; white-space: normal; widows: auto; word-spacing: 0px; -webkit-text-stroke-width: 0px; text-decoration: none;\">Pagina iniziale delle foto: \u00a9 Martin Gerber<\/p><h3>sviluppo<\/h3><p>vengo GmbH<br \/>Via San Gian 44<br \/>7500 St Moritz<\/p><p>E-mail: contact@vengo.ch<br \/>luogo: <a href=\"https:\/\/www.vengo.ch\">www.vengo.ch<\/a><\/p>\t\t\t\t\t\t\t\t<\/div>\n\t\t\t\t<\/div>\n\t\t\t\t\t<\/div>\n\t\t<\/div>\n\t\t\t\t\t<\/div>\n\t\t<\/section>\n\t\t\t\t<\/div>","protected":false},"excerpt":{"rendered":"<p>Allegra International AG Via da Mulin 107504 PontresinaSchweiz UID-Nummer: CHE-415.311.296Firmensitz: 7504 Pontresina E-Mail: info@allegra.academy Gesch\u00e4ftsf\u00fchrer Claude Balsiger Beteiligungsverh\u00e4ltnisse Gesellschafter: Claude Balsiger, Darco Cazin Haftung f\u00fcr Inhalte dieser Webseite Wir entwickeln die Inhalte dieser Webseite st\u00e4ndig weiter und bem\u00fchen uns korrekte und aktuelle Informationen bereitzustellen. Leider k\u00f6nnen wir keine Haftung f\u00fcr die Korrektheit aller Inhalte auf [&hellip;]<\/p>\n","protected":false},"author":489,"featured_media":0,"parent":0,"menu_order":0,"comment_status":"closed","ping_status":"closed","template":"","meta":{"site-sidebar-layout":"no-sidebar","site-content-layout":"page-builder","ast-site-content-layout":"default","site-content-style":"default","site-sidebar-style":"default","ast-global-header-display":"","ast-banner-title-visibility":"","ast-main-header-display":"","ast-hfb-above-header-display":"","ast-hfb-below-header-display":"","ast-hfb-mobile-header-display":"","site-post-title":"disabled","ast-breadcrumbs-content":"","ast-featured-img":"disabled","footer-sml-layout":"","ast-disable-related-posts":"","theme-transparent-header-meta":"default","adv-header-id-meta":"","stick-header-meta":"","header-above-stick-meta":"","header-main-stick-meta":"","header-below-stick-meta":"","astra-migrate-meta-layouts":"default","ast-page-background-enabled":"default","ast-page-background-meta":{"desktop":{"background-color":"","background-image":"","background-repeat":"repeat","background-position":"center center","background-size":"auto","background-attachment":"scroll","background-type":"","background-media":"","overlay-type":"","overlay-color":"","overlay-opacity":"","overlay-gradient":""},"tablet":{"background-color":"","background-image":"","background-repeat":"repeat","background-position":"center center","background-size":"auto","background-attachment":"scroll","background-type":"","background-media":"","overlay-type":"","overlay-color":"","overlay-opacity":"","overlay-gradient":""},"mobile":{"background-color":"","background-image":"","background-repeat":"repeat","background-position":"center center","background-size":"auto","background-attachment":"scroll","background-type":"","background-media":"","overlay-type":"","overlay-color":"","overlay-opacity":"","overlay-gradient":""}},"ast-content-background-meta":{"desktop":{"background-color":"var(--ast-global-color-5)","background-image":"","background-repeat":"repeat","background-position":"center center","background-size":"auto","background-attachment":"scroll","background-type":"","background-media":"","overlay-type":"","overlay-color":"","overlay-opacity":"","overlay-gradient":""},"tablet":{"background-color":"var(--ast-global-color-5)","background-image":"","background-repeat":"repeat","background-position":"center center","background-size":"auto","background-attachment":"scroll","background-type":"","background-media":"","overlay-type":"","overlay-color":"","overlay-opacity":"","overlay-gradient":""},"mobile":{"background-color":"var(--ast-global-color-5)","background-image":"","background-repeat":"repeat","background-position":"center center","background-size":"auto","background-attachment":"scroll","background-type":"","background-media":"","overlay-type":"","overlay-color":"","overlay-opacity":"","overlay-gradient":""}},"footnotes":""},"class_list":["post-496","page","type-page","status-publish","hentry"],"yoast_head":"<!-- This site is optimized with the Yoast SEO plugin v27.4 - https:\/\/yoast.com\/product\/yoast-seo-wordpress\/ -->\n<title>Impressum - ALLEGRA ACADEMY<\/title>\n<meta name=\"robots\" content=\"index, follow, max-snippet:-1, max-image-preview:large, max-video-preview:-1\" \/>\n<link rel=\"canonical\" href=\"https:\/\/www.allegra.academy\/it\/impronta\/\" \/>\n<meta property=\"og:locale\" content=\"it_IT\" \/>\n<meta property=\"og:type\" content=\"article\" \/>\n<meta property=\"og:title\" content=\"Impressum - ALLEGRA ACADEMY\" \/>\n<meta property=\"og:description\" content=\"Allegra International AG Via da Mulin 107504 PontresinaSchweiz UID-Nummer: CHE-415.311.296Firmensitz: 7504 Pontresina E-Mail: info@allegra.academy Gesch\u00e4ftsf\u00fchrer Claude Balsiger Beteiligungsverh\u00e4ltnisse Gesellschafter: Claude Balsiger, Darco Cazin Haftung f\u00fcr Inhalte dieser Webseite Wir entwickeln die Inhalte dieser Webseite st\u00e4ndig weiter und bem\u00fchen uns korrekte und aktuelle Informationen bereitzustellen. Leider k\u00f6nnen wir keine Haftung f\u00fcr die Korrektheit aller Inhalte auf [&hellip;]\" \/>\n<meta property=\"og:url\" content=\"https:\/\/www.allegra.academy\/it\/impronta\/\" \/>\n<meta property=\"og:site_name\" content=\"ALLEGRA ACADEMY\" \/>\n<meta property=\"article:modified_time\" content=\"2026-01-07T06:47:10+00:00\" \/>\n<meta name=\"twitter:card\" content=\"summary_large_image\" \/>\n<meta name=\"twitter:label1\" content=\"Tempo di lettura stimato\" \/>\n\t<meta name=\"twitter:data1\" content=\"2 minuti\" \/>\n<script type=\"application\/ld+json\" class=\"yoast-schema-graph\">{\"@context\":\"https:\\\/\\\/schema.org\",\"@graph\":[{\"@type\":\"WebPage\",\"@id\":\"https:\\\/\\\/www.allegra.academy\\\/impressum\\\/\",\"url\":\"https:\\\/\\\/www.allegra.academy\\\/impressum\\\/\",\"name\":\"Impressum - ALLEGRA ACADEMY\",\"isPartOf\":{\"@id\":\"https:\\\/\\\/www.allegra.academy\\\/#website\"},\"datePublished\":\"2021-05-02T13:56:55+00:00\",\"dateModified\":\"2026-01-07T06:47:10+00:00\",\"breadcrumb\":{\"@id\":\"https:\\\/\\\/www.allegra.academy\\\/impressum\\\/#breadcrumb\"},\"inLanguage\":\"it-IT\",\"potentialAction\":[{\"@type\":\"ReadAction\",\"target\":[\"https:\\\/\\\/www.allegra.academy\\\/impressum\\\/\"]}]},{\"@type\":\"BreadcrumbList\",\"@id\":\"https:\\\/\\\/www.allegra.academy\\\/impressum\\\/#breadcrumb\",\"itemListElement\":[{\"@type\":\"ListItem\",\"position\":1,\"name\":\"Startseite\",\"item\":\"https:\\\/\\\/www.allegra.academy\\\/\"},{\"@type\":\"ListItem\",\"position\":2,\"name\":\"Impressum\"}]},{\"@type\":\"WebSite\",\"@id\":\"https:\\\/\\\/www.allegra.academy\\\/#website\",\"url\":\"https:\\\/\\\/www.allegra.academy\\\/\",\"name\":\"ALLEGRA ACADEMY\",\"description\":\"Eine Plattform f\u00fcr die Weiterbildung im Mountainbike-Tourismus und Langsamverkehr in Graub\u00fcnden.\",\"publisher\":{\"@id\":\"https:\\\/\\\/www.allegra.academy\\\/#organization\"},\"potentialAction\":[{\"@type\":\"SearchAction\",\"target\":{\"@type\":\"EntryPoint\",\"urlTemplate\":\"https:\\\/\\\/www.allegra.academy\\\/?s={search_term_string}\"},\"query-input\":{\"@type\":\"PropertyValueSpecification\",\"valueRequired\":true,\"valueName\":\"search_term_string\"}}],\"inLanguage\":\"it-IT\"},{\"@type\":\"Organization\",\"@id\":\"https:\\\/\\\/www.allegra.academy\\\/#organization\",\"name\":\"Allegra Academy\",\"url\":\"https:\\\/\\\/www.allegra.academy\\\/\",\"logo\":{\"@type\":\"ImageObject\",\"inLanguage\":\"it-IT\",\"@id\":\"https:\\\/\\\/www.allegra.academy\\\/#\\\/schema\\\/logo\\\/image\\\/\",\"url\":\"https:\\\/\\\/www.allegra.academy\\\/wp-content\\\/uploads\\\/2021\\\/06\\\/allegra-academy-logo-black.svg\",\"contentUrl\":\"https:\\\/\\\/www.allegra.academy\\\/wp-content\\\/uploads\\\/2021\\\/06\\\/allegra-academy-logo-black.svg\",\"width\":187,\"height\":56,\"caption\":\"Allegra Academy\"},\"image\":{\"@id\":\"https:\\\/\\\/www.allegra.academy\\\/#\\\/schema\\\/logo\\\/image\\\/\"}}]}<\/script>\n<!-- \/ Yoast SEO plugin. -->","yoast_head_json":{"title":"Colophon - ACCADEMIA ALLEGRA","robots":{"index":"index","follow":"follow","max-snippet":"max-snippet:-1","max-image-preview":"max-image-preview:large","max-video-preview":"max-video-preview:-1"},"canonical":"https:\/\/www.allegra.academy\/it\/impronta\/","og_locale":"it_IT","og_type":"article","og_title":"Impressum - ALLEGRA ACADEMY","og_description":"Allegra International AG Via da Mulin 107504 PontresinaSchweiz UID-Nummer: CHE-415.311.296Firmensitz: 7504 Pontresina E-Mail: info@allegra.academy Gesch\u00e4ftsf\u00fchrer Claude Balsiger Beteiligungsverh\u00e4ltnisse Gesellschafter: Claude Balsiger, Darco Cazin Haftung f\u00fcr Inhalte dieser Webseite Wir entwickeln die Inhalte dieser Webseite st\u00e4ndig weiter und bem\u00fchen uns korrekte und aktuelle Informationen bereitzustellen. Leider k\u00f6nnen wir keine Haftung f\u00fcr die Korrektheit aller Inhalte auf [&hellip;]","og_url":"https:\/\/www.allegra.academy\/it\/impronta\/","og_site_name":"ALLEGRA ACADEMY","article_modified_time":"2026-01-07T06:47:10+00:00","twitter_card":"summary_large_image","twitter_misc":{"Tempo di lettura stimato":"2 minuti"},"schema":{"@context":"https:\/\/schema.org","@graph":[{"@type":"WebPage","@id":"https:\/\/www.allegra.academy\/impressum\/","url":"https:\/\/www.allegra.academy\/impressum\/","name":"Colophon - ACCADEMIA ALLEGRA","isPartOf":{"@id":"https:\/\/www.allegra.academy\/#website"},"datePublished":"2021-05-02T13:56:55+00:00","dateModified":"2026-01-07T06:47:10+00:00","breadcrumb":{"@id":"https:\/\/www.allegra.academy\/impressum\/#breadcrumb"},"inLanguage":"it-IT","potentialAction":[{"@type":"ReadAction","target":["https:\/\/www.allegra.academy\/impressum\/"]}]},{"@type":"BreadcrumbList","@id":"https:\/\/www.allegra.academy\/impressum\/#breadcrumb","itemListElement":[{"@type":"ListItem","position":1,"name":"Startseite","item":"https:\/\/www.allegra.academy\/"},{"@type":"ListItem","position":2,"name":"Impressum"}]},{"@type":"WebSite","@id":"https:\/\/www.allegra.academy\/#website","url":"https:\/\/www.allegra.academy\/","name":"ACCADEMIA ALLEGRA","description":"Una piattaforma per la formazione continua nel turismo in mountain bike e nel traffico non motorizzato nei Grigioni.","publisher":{"@id":"https:\/\/www.allegra.academy\/#organization"},"potentialAction":[{"@type":"SearchAction","target":{"@type":"EntryPoint","urlTemplate":"https:\/\/www.allegra.academy\/?s={search_term_string}"},"query-input":{"@type":"PropertyValueSpecification","valueRequired":true,"valueName":"search_term_string"}}],"inLanguage":"it-IT"},{"@type":"Organization","@id":"https:\/\/www.allegra.academy\/#organization","name":"Accademia Allegra","url":"https:\/\/www.allegra.academy\/","logo":{"@type":"ImageObject","inLanguage":"it-IT","@id":"https:\/\/www.allegra.academy\/#\/schema\/logo\/image\/","url":"https:\/\/www.allegra.academy\/wp-content\/uploads\/2021\/06\/allegra-academy-logo-black.svg","contentUrl":"https:\/\/www.allegra.academy\/wp-content\/uploads\/2021\/06\/allegra-academy-logo-black.svg","width":187,"height":56,"caption":"Allegra Academy"},"image":{"@id":"https:\/\/www.allegra.academy\/#\/schema\/logo\/image\/"}}]}},"_links":{"self":[{"href":"https:\/\/www.allegra.academy\/it\/wp-json\/wp\/v2\/pages\/496","targetHints":{"allow":["GET"]}}],"collection":[{"href":"https:\/\/www.allegra.academy\/it\/wp-json\/wp\/v2\/pages"}],"about":[{"href":"https:\/\/www.allegra.academy\/it\/wp-json\/wp\/v2\/types\/page"}],"author":[{"embeddable":true,"href":"https:\/\/www.allegra.academy\/it\/wp-json\/wp\/v2\/users\/489"}],"replies":[{"embeddable":true,"href":"https:\/\/www.allegra.academy\/it\/wp-json\/wp\/v2\/comments?post=496"}],"version-history":[{"count":6,"href":"https:\/\/www.allegra.academy\/it\/wp-json\/wp\/v2\/pages\/496\/revisions"}],"predecessor-version":[{"id":7355,"href":"https:\/\/www.allegra.academy\/it\/wp-json\/wp\/v2\/pages\/496\/revisions\/7355"}],"wp:attachment":[{"href":"https:\/\/www.allegra.academy\/it\/wp-json\/wp\/v2\/media?parent=496"}],"curies":[{"name":"wp","href":"https:\/\/api.w.org\/{rel}","templated":true}]}}