{"id":7079,"date":"2024-06-02T10:57:01","date_gmt":"2024-06-02T08:57:01","guid":{"rendered":"https:\/\/www.allegra.academy\/?post_type=product&#038;p=7079"},"modified":"2024-06-11T23:16:44","modified_gmt":"2024-06-11T21:16:44","slug":"03-mc-de-allegra-masterclass-phase-of-systematic-growth","status":"publish","type":"product","link":"https:\/\/www.allegra.academy\/en\/product\/03-mc-de-allegra-masterclass-phase-des-systematischen-wachstums\/","title":{"rendered":"(03 MC de) Allegra Masterclass \u2013 Phase of systematic growth"},"content":{"rendered":"<p>This course will improve your understanding of the entire bike system of a bike region by using a simple method to create an overview of a bike system. There are also tactical tools for working on the various system elements and for working in the overall system.<\/p>\n<ul>\n<li>This course is suitable for project managers of a destination.<\/li>\n<li>Graduation Diploma<\/li>\n<\/ul>","protected":false},"excerpt":{"rendered":"<p>In this course, your understanding of the entire bike system of a bike region will be improved by using a simple method to create an overview of a bike system. There are tactical tools for working on the various system elements and for working in the overall system. This course is suitable for project managers of a destination. Diploma<\/p>","protected":false},"featured_media":7117,"template":"","meta":{"site-sidebar-layout":"default","site-content-layout":"","ast-site-content-layout":"default","site-content-style":"default","site-sidebar-style":"default","ast-global-header-display":"","ast-banner-title-visibility":"","ast-main-header-display":"","ast-hfb-above-header-display":"","ast-hfb-below-header-display":"","ast-hfb-mobile-header-display":"","site-post-title":"","ast-breadcrumbs-content":"","ast-featured-img":"","footer-sml-layout":"","ast-disable-related-posts":"","theme-transparent-header-meta":"default","adv-header-id-meta":"","stick-header-meta":"","header-above-stick-meta":"","header-main-stick-meta":"","header-below-stick-meta":"","astra-migrate-meta-layouts":"set","ast-page-background-enabled":"default","ast-page-background-meta":{"desktop":{"background-color":"","background-image":"","background-repeat":"repeat","background-position":"center center","background-size":"auto","background-attachment":"scroll","background-type":"","background-media":"","overlay-type":"","overlay-color":"","overlay-opacity":"","overlay-gradient":""},"tablet":{"background-color":"","background-image":"","background-repeat":"repeat","background-position":"center center","background-size":"auto","background-attachment":"scroll","background-type":"","background-media":"","overlay-type":"","overlay-color":"","overlay-opacity":"","overlay-gradient":""},"mobile":{"background-color":"","background-image":"","background-repeat":"repeat","background-position":"center center","background-size":"auto","background-attachment":"scroll","background-type":"","background-media":"","overlay-type":"","overlay-color":"","overlay-opacity":"","overlay-gradient":""}},"ast-content-background-meta":{"desktop":{"background-color":"var(--ast-global-color-5)","background-image":"","background-repeat":"repeat","background-position":"center center","background-size":"auto","background-attachment":"scroll","background-type":"","background-media":"","overlay-type":"","overlay-color":"","overlay-opacity":"","overlay-gradient":""},"tablet":{"background-color":"var(--ast-global-color-5)","background-image":"","background-repeat":"repeat","background-position":"center center","background-size":"auto","background-attachment":"scroll","background-type":"","background-media":"","overlay-type":"","overlay-color":"","overlay-opacity":"","overlay-gradient":""},"mobile":{"background-color":"var(--ast-global-color-5)","background-image":"","background-repeat":"repeat","background-position":"center center","background-size":"auto","background-attachment":"scroll","background-type":"","background-media":"","overlay-type":"","overlay-color":"","overlay-opacity":"","overlay-gradient":""}}},"product_brand":[],"product_cat":[41],"product_tag":[],"class_list":{"0":"post-7079","1":"product","2":"type-product","3":"status-publish","4":"has-post-thumbnail","6":"product_cat-uncategorized","7":"desktop-align-left","8":"tablet-align-left","9":"mobile-align-left","11":"first","12":"instock","13":"taxable","14":"shipping-taxable","15":"purchasable","16":"product-type-simple"},"yoast_head":"<!-- This site is optimized with the Yoast SEO plugin v27.3 - https:\/\/yoast.com\/product\/yoast-seo-wordpress\/ -->\n<title>(03 MC de) Allegra Masterclass \u2013 Phase des systematischen Wachstums - ALLEGRA ACADEMY<\/title>\n<meta name=\"robots\" content=\"index, follow, max-snippet:-1, max-image-preview:large, max-video-preview:-1\" \/>\n<link rel=\"canonical\" href=\"https:\/\/www.allegra.academy\/en\/product\/03-mc-de-allegra-masterclass-phase-of-systematic-growth\/\" \/>\n<meta property=\"og:locale\" content=\"en_GB\" \/>\n<meta property=\"og:type\" content=\"article\" \/>\n<meta property=\"og:title\" content=\"(03 MC de) Allegra Masterclass \u2013 Phase des systematischen Wachstums - ALLEGRA ACADEMY\" \/>\n<meta property=\"og:description\" content=\"In diesem Kurs wird dein Verst\u00e4ndnis f\u00fcr das ganze Bike-System einer Bikeregion verbessert, indem mit einer einfachen Methode eine \u00dcbersicht \u00fcber ein Bike-System geschaffen wird. Dazu gibt es taktische Instrumente, f\u00fcr die Bearbeitung der verschiedenen Systemelemente und zur Arbeit im Gesamtsystem. Dieser Kurs eignet sich f\u00fcr Projektmanager:innen einer Destination. Abschluss Diploma\" \/>\n<meta property=\"og:url\" content=\"https:\/\/www.allegra.academy\/en\/product\/03-mc-de-allegra-masterclass-phase-of-systematic-growth\/\" \/>\n<meta property=\"og:site_name\" content=\"ALLEGRA ACADEMY\" \/>\n<meta property=\"article:modified_time\" content=\"2024-06-11T21:16:44+00:00\" \/>\n<meta property=\"og:image\" content=\"https:\/\/www.allegra.academy\/wp-content\/uploads\/2024\/04\/MC_03.jpg\" \/>\n\t<meta property=\"og:image:width\" content=\"1000\" \/>\n\t<meta property=\"og:image:height\" content=\"667\" \/>\n\t<meta property=\"og:image:type\" content=\"image\/jpeg\" \/>\n<meta name=\"twitter:card\" content=\"summary_large_image\" \/>\n<meta name=\"twitter:label1\" content=\"Estimated reading time\" \/>\n\t<meta name=\"twitter:data1\" content=\"1 minute\" \/>\n<script type=\"application\/ld+json\" class=\"yoast-schema-graph\">{\"@context\":\"https:\\\/\\\/schema.org\",\"@graph\":[{\"@type\":\"WebPage\",\"@id\":\"https:\\\/\\\/www.allegra.academy\\\/product\\\/03-mc-de-allegra-masterclass-phase-des-systematischen-wachstums\\\/\",\"url\":\"https:\\\/\\\/www.allegra.academy\\\/product\\\/03-mc-de-allegra-masterclass-phase-des-systematischen-wachstums\\\/\",\"name\":\"(03 MC de) Allegra Masterclass \u2013 Phase des systematischen Wachstums - ALLEGRA ACADEMY\",\"isPartOf\":{\"@id\":\"https:\\\/\\\/www.allegra.academy\\\/#website\"},\"primaryImageOfPage\":{\"@id\":\"https:\\\/\\\/www.allegra.academy\\\/product\\\/03-mc-de-allegra-masterclass-phase-des-systematischen-wachstums\\\/#primaryimage\"},\"image\":{\"@id\":\"https:\\\/\\\/www.allegra.academy\\\/product\\\/03-mc-de-allegra-masterclass-phase-des-systematischen-wachstums\\\/#primaryimage\"},\"thumbnailUrl\":\"https:\\\/\\\/www.allegra.academy\\\/wp-content\\\/uploads\\\/2024\\\/04\\\/MC_03.jpg\",\"datePublished\":\"2024-06-02T08:57:01+00:00\",\"dateModified\":\"2024-06-11T21:16:44+00:00\",\"breadcrumb\":{\"@id\":\"https:\\\/\\\/www.allegra.academy\\\/product\\\/03-mc-de-allegra-masterclass-phase-des-systematischen-wachstums\\\/#breadcrumb\"},\"inLanguage\":\"en-GB\",\"potentialAction\":[{\"@type\":\"ReadAction\",\"target\":[\"https:\\\/\\\/www.allegra.academy\\\/product\\\/03-mc-de-allegra-masterclass-phase-des-systematischen-wachstums\\\/\"]}]},{\"@type\":\"ImageObject\",\"inLanguage\":\"en-GB\",\"@id\":\"https:\\\/\\\/www.allegra.academy\\\/product\\\/03-mc-de-allegra-masterclass-phase-des-systematischen-wachstums\\\/#primaryimage\",\"url\":\"https:\\\/\\\/www.allegra.academy\\\/wp-content\\\/uploads\\\/2024\\\/04\\\/MC_03.jpg\",\"contentUrl\":\"https:\\\/\\\/www.allegra.academy\\\/wp-content\\\/uploads\\\/2024\\\/04\\\/MC_03.jpg\",\"width\":1000,\"height\":667},{\"@type\":\"BreadcrumbList\",\"@id\":\"https:\\\/\\\/www.allegra.academy\\\/product\\\/03-mc-de-allegra-masterclass-phase-des-systematischen-wachstums\\\/#breadcrumb\",\"itemListElement\":[{\"@type\":\"ListItem\",\"position\":1,\"name\":\"Startseite\",\"item\":\"https:\\\/\\\/www.allegra.academy\\\/\"},{\"@type\":\"ListItem\",\"position\":2,\"name\":\"Shop\",\"item\":\"https:\\\/\\\/www.allegra.academy\\\/shop\\\/\"},{\"@type\":\"ListItem\",\"position\":3,\"name\":\"(03 MC de) Allegra Masterclass \u2013 Phase des systematischen Wachstums\"}]},{\"@type\":\"WebSite\",\"@id\":\"https:\\\/\\\/www.allegra.academy\\\/#website\",\"url\":\"https:\\\/\\\/www.allegra.academy\\\/\",\"name\":\"ALLEGRA ACADEMY\",\"description\":\"Eine Plattform f\u00fcr die Weiterbildung im Mountainbike-Tourismus und Langsamverkehr in Graub\u00fcnden.\",\"publisher\":{\"@id\":\"https:\\\/\\\/www.allegra.academy\\\/#organization\"},\"potentialAction\":[{\"@type\":\"SearchAction\",\"target\":{\"@type\":\"EntryPoint\",\"urlTemplate\":\"https:\\\/\\\/www.allegra.academy\\\/?s={search_term_string}\"},\"query-input\":{\"@type\":\"PropertyValueSpecification\",\"valueRequired\":true,\"valueName\":\"search_term_string\"}}],\"inLanguage\":\"en-GB\"},{\"@type\":\"Organization\",\"@id\":\"https:\\\/\\\/www.allegra.academy\\\/#organization\",\"name\":\"Allegra Academy\",\"url\":\"https:\\\/\\\/www.allegra.academy\\\/\",\"logo\":{\"@type\":\"ImageObject\",\"inLanguage\":\"en-GB\",\"@id\":\"https:\\\/\\\/www.allegra.academy\\\/#\\\/schema\\\/logo\\\/image\\\/\",\"url\":\"https:\\\/\\\/www.allegra.academy\\\/wp-content\\\/uploads\\\/2021\\\/06\\\/allegra-academy-logo-black.svg\",\"contentUrl\":\"https:\\\/\\\/www.allegra.academy\\\/wp-content\\\/uploads\\\/2021\\\/06\\\/allegra-academy-logo-black.svg\",\"width\":187,\"height\":56,\"caption\":\"Allegra Academy\"},\"image\":{\"@id\":\"https:\\\/\\\/www.allegra.academy\\\/#\\\/schema\\\/logo\\\/image\\\/\"}}]}<\/script>\n<!-- \/ Yoast SEO plugin. -->","yoast_head_json":{"title":"(03 MC de) Allegra Masterclass \u2013 Phase of systematic growth - ALLEGRA ACADEMY","robots":{"index":"index","follow":"follow","max-snippet":"max-snippet:-1","max-image-preview":"max-image-preview:large","max-video-preview":"max-video-preview:-1"},"canonical":"https:\/\/www.allegra.academy\/en\/product\/03-mc-de-allegra-masterclass-phase-of-systematic-growth\/","og_locale":"en_GB","og_type":"article","og_title":"(03 MC de) Allegra Masterclass \u2013 Phase des systematischen Wachstums - ALLEGRA ACADEMY","og_description":"In diesem Kurs wird dein Verst\u00e4ndnis f\u00fcr das ganze Bike-System einer Bikeregion verbessert, indem mit einer einfachen Methode eine \u00dcbersicht \u00fcber ein Bike-System geschaffen wird. Dazu gibt es taktische Instrumente, f\u00fcr die Bearbeitung der verschiedenen Systemelemente und zur Arbeit im Gesamtsystem. Dieser Kurs eignet sich f\u00fcr Projektmanager:innen einer Destination. Abschluss Diploma","og_url":"https:\/\/www.allegra.academy\/en\/product\/03-mc-de-allegra-masterclass-phase-of-systematic-growth\/","og_site_name":"ALLEGRA ACADEMY","article_modified_time":"2024-06-11T21:16:44+00:00","og_image":[{"width":1000,"height":667,"url":"https:\/\/www.allegra.academy\/wp-content\/uploads\/2024\/04\/MC_03.jpg","type":"image\/jpeg"}],"twitter_card":"summary_large_image","twitter_misc":{"Estimated reading time":"1 minute"},"schema":{"@context":"https:\/\/schema.org","@graph":[{"@type":"WebPage","@id":"https:\/\/www.allegra.academy\/product\/03-mc-de-allegra-masterclass-phase-des-systematischen-wachstums\/","url":"https:\/\/www.allegra.academy\/product\/03-mc-de-allegra-masterclass-phase-des-systematischen-wachstums\/","name":"(03 MC de) Allegra Masterclass \u2013 Phase of systematic growth - ALLEGRA ACADEMY","isPartOf":{"@id":"https:\/\/www.allegra.academy\/#website"},"primaryImageOfPage":{"@id":"https:\/\/www.allegra.academy\/product\/03-mc-de-allegra-masterclass-phase-des-systematischen-wachstums\/#primaryimage"},"image":{"@id":"https:\/\/www.allegra.academy\/product\/03-mc-de-allegra-masterclass-phase-des-systematischen-wachstums\/#primaryimage"},"thumbnailUrl":"https:\/\/www.allegra.academy\/wp-content\/uploads\/2024\/04\/MC_03.jpg","datePublished":"2024-06-02T08:57:01+00:00","dateModified":"2024-06-11T21:16:44+00:00","breadcrumb":{"@id":"https:\/\/www.allegra.academy\/product\/03-mc-de-allegra-masterclass-phase-des-systematischen-wachstums\/#breadcrumb"},"inLanguage":"en-GB","potentialAction":[{"@type":"ReadAction","target":["https:\/\/www.allegra.academy\/product\/03-mc-de-allegra-masterclass-phase-des-systematischen-wachstums\/"]}]},{"@type":"ImageObject","inLanguage":"en-GB","@id":"https:\/\/www.allegra.academy\/product\/03-mc-de-allegra-masterclass-phase-des-systematischen-wachstums\/#primaryimage","url":"https:\/\/www.allegra.academy\/wp-content\/uploads\/2024\/04\/MC_03.jpg","contentUrl":"https:\/\/www.allegra.academy\/wp-content\/uploads\/2024\/04\/MC_03.jpg","width":1000,"height":667},{"@type":"BreadcrumbList","@id":"https:\/\/www.allegra.academy\/product\/03-mc-de-allegra-masterclass-phase-des-systematischen-wachstums\/#breadcrumb","itemListElement":[{"@type":"ListItem","position":1,"name":"Startseite","item":"https:\/\/www.allegra.academy\/"},{"@type":"ListItem","position":2,"name":"Shop","item":"https:\/\/www.allegra.academy\/shop\/"},{"@type":"ListItem","position":3,"name":"(03 MC de) Allegra Masterclass \u2013 Phase des systematischen Wachstums"}]},{"@type":"WebSite","@id":"https:\/\/www.allegra.academy\/#website","url":"https:\/\/www.allegra.academy\/","name":"ALLEGRA ACADEMY","description":"An education platform for leisure cycling destinations","publisher":{"@id":"https:\/\/www.allegra.academy\/#organization"},"potentialAction":[{"@type":"SearchAction","target":{"@type":"EntryPoint","urlTemplate":"https:\/\/www.allegra.academy\/?s={search_term_string}"},"query-input":{"@type":"PropertyValueSpecification","valueRequired":true,"valueName":"search_term_string"}}],"inLanguage":"en-GB"},{"@type":"Organization","@id":"https:\/\/www.allegra.academy\/#organization","name":"Allegra Academy","url":"https:\/\/www.allegra.academy\/","logo":{"@type":"ImageObject","inLanguage":"en-GB","@id":"https:\/\/www.allegra.academy\/#\/schema\/logo\/image\/","url":"https:\/\/www.allegra.academy\/wp-content\/uploads\/2021\/06\/allegra-academy-logo-black.svg","contentUrl":"https:\/\/www.allegra.academy\/wp-content\/uploads\/2021\/06\/allegra-academy-logo-black.svg","width":187,"height":56,"caption":"Allegra Academy"},"image":{"@id":"https:\/\/www.allegra.academy\/#\/schema\/logo\/image\/"}}]}},"_links":{"self":[{"href":"https:\/\/www.allegra.academy\/en\/wp-json\/wp\/v2\/product\/7079","targetHints":{"allow":["GET"]}}],"collection":[{"href":"https:\/\/www.allegra.academy\/en\/wp-json\/wp\/v2\/product"}],"about":[{"href":"https:\/\/www.allegra.academy\/en\/wp-json\/wp\/v2\/types\/product"}],"wp:featuredmedia":[{"embeddable":true,"href":"https:\/\/www.allegra.academy\/en\/wp-json\/wp\/v2\/media\/7117"}],"wp:attachment":[{"href":"https:\/\/www.allegra.academy\/en\/wp-json\/wp\/v2\/media?parent=7079"}],"wp:term":[{"taxonomy":"product_brand","embeddable":true,"href":"https:\/\/www.allegra.academy\/en\/wp-json\/wp\/v2\/product_brand?post=7079"},{"taxonomy":"product_cat","embeddable":true,"href":"https:\/\/www.allegra.academy\/en\/wp-json\/wp\/v2\/product_cat?post=7079"},{"taxonomy":"product_tag","embeddable":true,"href":"https:\/\/www.allegra.academy\/en\/wp-json\/wp\/v2\/product_tag?post=7079"}],"curies":[{"name":"wp","href":"https:\/\/api.w.org\/{rel}","templated":true}]}}