{"id":496,"date":"2021-05-02T14:56:55","date_gmt":"2021-05-02T13:56:55","guid":{"rendered":"https:\/\/www.allegra.academy\/?page_id=496"},"modified":"2026-01-07T07:47:10","modified_gmt":"2026-01-07T06:47:10","slug":"imprint","status":"publish","type":"page","link":"https:\/\/www.allegra.academy\/en\/impressum\/","title":{"rendered":"Imprint"},"content":{"rendered":"<div data-elementor-type=\"wp-page\" data-elementor-id=\"496\" class=\"elementor elementor-496\" data-elementor-post-type=\"page\">\n\t\t\t\t\t\t<section class=\"elementor-section elementor-top-section elementor-element elementor-element-57aa156 elementor-section-boxed elementor-section-height-default elementor-section-height-default\" data-id=\"57aa156\" data-element_type=\"section\" data-e-type=\"section\">\n\t\t\t\t\t\t<div class=\"elementor-container elementor-column-gap-default\">\n\t\t\t\t\t<div class=\"elementor-column elementor-col-100 elementor-top-column elementor-element elementor-element-26d3753\" data-id=\"26d3753\" data-element_type=\"column\" data-e-type=\"column\">\n\t\t\t<div class=\"elementor-widget-wrap elementor-element-populated\">\n\t\t\t\t\t\t<div class=\"elementor-element elementor-element-b282358 elementor-widget elementor-widget-text-editor\" data-id=\"b282358\" data-element_type=\"widget\" data-e-type=\"widget\" data-widget_type=\"text-editor.default\">\n\t\t\t\t<div class=\"elementor-widget-container\">\n\t\t\t\t\t\t\t\t\t<h3>Allegra International Ltd<\/h3><p>Via da Mulin 10<br \/>7504 Pontresina<br \/>Switzerland<\/p><p>UID number: <span style=\"font-weight: 400;\">CHE-415.311.296<\/span><br \/>Registered office: 7504 Pontresina<\/p><h3><strong>E-mail:<\/strong><\/h3><p><a href=\"mailto:info@allegra.academy\">info@allegra.academy<\/a><\/p><h3><strong>Managing Director<\/strong><\/h3><p>Claude Balsinger<\/p><h3><strong>ownership structure<\/strong><\/h3><p>Shareholders: Claude Balsiger, Darco Cazin<\/p><h3><strong>Liability for the content of this website<\/strong><\/h3><p>We are constantly developing the content of this website and strive to provide correct and up-to-date information. Unfortunately, we cannot accept liability for the correctness of any content on this website, especially that provided by third parties.<\/p><p>If you notice any problematic or illegal content, please contact us immediately. You will find the contact details in the imprint.<\/p><h3><strong>Liability for links on this website\u00a0\u00a0\u00a0\u00a0\u00a0\u00a0\u00a0\u00a0\u00a0\u00a0\u00a0\u00a0\u00a0\u00a0\u00a0\u00a0\u00a0\u00a0\u00a0\u00a0\u00a0\u00a0\u00a0\u00a0\u00a0\u00a0\u00a0\u00a0\u00a0\u00a0\u00a0\u00a0\u00a0\u00a0\u00a0\u00a0\u00a0\u00a0\u00a0\u00a0\u00a0 <\/strong><\/h3><p>Our website contains links to other websites for which we are not responsible. We are not liable for linked websites, since we were not and have no knowledge of illegal activities, we have not yet noticed such illegal activities and we would remove links immediately if we became aware of illegal activities.<\/p><p>If you notice illegal links on our website, please contact us. You will find the contact details in the imprint.<\/p><h3><strong>Copyright Notice<\/strong><\/h3><p>All contents of this website (images, photos, texts, videos) are subject to copyright. If necessary, we will prosecute the unauthorized use of parts of the content of our site.<\/p><h3><strong>Picture credit<\/strong><\/h3><p>The images, photos and graphics on this website are protected by copyright.<\/p><p>Featured image (Course 01 De de): \u00a9 Canyon \/ <a href=\"http:\/\/www.canyon.com\">www.canyon.com<\/a><\/p><p style=\"box-sizing: border-box; border: 0px; font-size: 20px; font-style: normal; font-weight: 400; margin: 0px 0px 1em; outline: 0px; padding: 0px; vertical-align: baseline; caret-color: #3c3c3c; color: #3c3c3c; font-family: 'Roboto Slab', sans-serif; font-variant-caps: normal; letter-spacing: normal; orphans: auto; text-align: start; text-indent: 0px; text-transform: none; white-space: normal; widows: auto; word-spacing: 0px; -webkit-text-stroke-width: 0px; text-decoration: none;\">Photo homepage: \u00a9 Martin Gerber<\/p><h3>development<\/h3><p>vengo GmbH<br \/>Via San Gian 44<br \/>7500 St Moritz<\/p><p>Email: contact@vengo.ch<br \/>site: <a href=\"https:\/\/www.vengo.ch\">www.vengo.ch<\/a><\/p>\t\t\t\t\t\t\t\t<\/div>\n\t\t\t\t<\/div>\n\t\t\t\t\t<\/div>\n\t\t<\/div>\n\t\t\t\t\t<\/div>\n\t\t<\/section>\n\t\t\t\t<\/div>","protected":false},"excerpt":{"rendered":"<p>Allegra International AG Via da Mulin 107504 PontresinaSchweiz UID-Nummer: CHE-415.311.296Firmensitz: 7504 Pontresina E-Mail: info@allegra.academy Gesch\u00e4ftsf\u00fchrer Claude Balsiger Beteiligungsverh\u00e4ltnisse Gesellschafter: Claude Balsiger, Darco Cazin Haftung f\u00fcr Inhalte dieser Webseite Wir entwickeln die Inhalte dieser Webseite st\u00e4ndig weiter und bem\u00fchen uns korrekte und aktuelle Informationen bereitzustellen. Leider k\u00f6nnen wir keine Haftung f\u00fcr die Korrektheit aller Inhalte auf [&hellip;]<\/p>\n","protected":false},"author":489,"featured_media":0,"parent":0,"menu_order":0,"comment_status":"closed","ping_status":"closed","template":"","meta":{"site-sidebar-layout":"no-sidebar","site-content-layout":"page-builder","ast-site-content-layout":"default","site-content-style":"default","site-sidebar-style":"default","ast-global-header-display":"","ast-banner-title-visibility":"","ast-main-header-display":"","ast-hfb-above-header-display":"","ast-hfb-below-header-display":"","ast-hfb-mobile-header-display":"","site-post-title":"disabled","ast-breadcrumbs-content":"","ast-featured-img":"disabled","footer-sml-layout":"","ast-disable-related-posts":"","theme-transparent-header-meta":"default","adv-header-id-meta":"","stick-header-meta":"","header-above-stick-meta":"","header-main-stick-meta":"","header-below-stick-meta":"","astra-migrate-meta-layouts":"default","ast-page-background-enabled":"default","ast-page-background-meta":{"desktop":{"background-color":"","background-image":"","background-repeat":"repeat","background-position":"center center","background-size":"auto","background-attachment":"scroll","background-type":"","background-media":"","overlay-type":"","overlay-color":"","overlay-opacity":"","overlay-gradient":""},"tablet":{"background-color":"","background-image":"","background-repeat":"repeat","background-position":"center center","background-size":"auto","background-attachment":"scroll","background-type":"","background-media":"","overlay-type":"","overlay-color":"","overlay-opacity":"","overlay-gradient":""},"mobile":{"background-color":"","background-image":"","background-repeat":"repeat","background-position":"center center","background-size":"auto","background-attachment":"scroll","background-type":"","background-media":"","overlay-type":"","overlay-color":"","overlay-opacity":"","overlay-gradient":""}},"ast-content-background-meta":{"desktop":{"background-color":"var(--ast-global-color-5)","background-image":"","background-repeat":"repeat","background-position":"center center","background-size":"auto","background-attachment":"scroll","background-type":"","background-media":"","overlay-type":"","overlay-color":"","overlay-opacity":"","overlay-gradient":""},"tablet":{"background-color":"var(--ast-global-color-5)","background-image":"","background-repeat":"repeat","background-position":"center center","background-size":"auto","background-attachment":"scroll","background-type":"","background-media":"","overlay-type":"","overlay-color":"","overlay-opacity":"","overlay-gradient":""},"mobile":{"background-color":"var(--ast-global-color-5)","background-image":"","background-repeat":"repeat","background-position":"center center","background-size":"auto","background-attachment":"scroll","background-type":"","background-media":"","overlay-type":"","overlay-color":"","overlay-opacity":"","overlay-gradient":""}},"footnotes":""},"class_list":["post-496","page","type-page","status-publish","hentry"],"yoast_head":"<!-- This site is optimized with the Yoast SEO plugin v27.4 - https:\/\/yoast.com\/product\/yoast-seo-wordpress\/ -->\n<title>Impressum - ALLEGRA ACADEMY<\/title>\n<meta name=\"robots\" content=\"index, follow, max-snippet:-1, max-image-preview:large, max-video-preview:-1\" \/>\n<link rel=\"canonical\" href=\"https:\/\/www.allegra.academy\/en\/imprint\/\" \/>\n<meta property=\"og:locale\" content=\"en_GB\" \/>\n<meta property=\"og:type\" content=\"article\" \/>\n<meta property=\"og:title\" content=\"Impressum - ALLEGRA ACADEMY\" \/>\n<meta property=\"og:description\" content=\"Allegra International AG Via da Mulin 107504 PontresinaSchweiz UID-Nummer: CHE-415.311.296Firmensitz: 7504 Pontresina E-Mail: info@allegra.academy Gesch\u00e4ftsf\u00fchrer Claude Balsiger Beteiligungsverh\u00e4ltnisse Gesellschafter: Claude Balsiger, Darco Cazin Haftung f\u00fcr Inhalte dieser Webseite Wir entwickeln die Inhalte dieser Webseite st\u00e4ndig weiter und bem\u00fchen uns korrekte und aktuelle Informationen bereitzustellen. Leider k\u00f6nnen wir keine Haftung f\u00fcr die Korrektheit aller Inhalte auf [&hellip;]\" \/>\n<meta property=\"og:url\" content=\"https:\/\/www.allegra.academy\/en\/imprint\/\" \/>\n<meta property=\"og:site_name\" content=\"ALLEGRA ACADEMY\" \/>\n<meta property=\"article:modified_time\" content=\"2026-01-07T06:47:10+00:00\" \/>\n<meta name=\"twitter:card\" content=\"summary_large_image\" \/>\n<meta name=\"twitter:label1\" content=\"Estimated reading time\" \/>\n\t<meta name=\"twitter:data1\" content=\"2 minutes\" \/>\n<script type=\"application\/ld+json\" class=\"yoast-schema-graph\">{\"@context\":\"https:\\\/\\\/schema.org\",\"@graph\":[{\"@type\":\"WebPage\",\"@id\":\"https:\\\/\\\/www.allegra.academy\\\/impressum\\\/\",\"url\":\"https:\\\/\\\/www.allegra.academy\\\/impressum\\\/\",\"name\":\"Impressum - ALLEGRA ACADEMY\",\"isPartOf\":{\"@id\":\"https:\\\/\\\/www.allegra.academy\\\/#website\"},\"datePublished\":\"2021-05-02T13:56:55+00:00\",\"dateModified\":\"2026-01-07T06:47:10+00:00\",\"breadcrumb\":{\"@id\":\"https:\\\/\\\/www.allegra.academy\\\/impressum\\\/#breadcrumb\"},\"inLanguage\":\"en-GB\",\"potentialAction\":[{\"@type\":\"ReadAction\",\"target\":[\"https:\\\/\\\/www.allegra.academy\\\/impressum\\\/\"]}]},{\"@type\":\"BreadcrumbList\",\"@id\":\"https:\\\/\\\/www.allegra.academy\\\/impressum\\\/#breadcrumb\",\"itemListElement\":[{\"@type\":\"ListItem\",\"position\":1,\"name\":\"Startseite\",\"item\":\"https:\\\/\\\/www.allegra.academy\\\/\"},{\"@type\":\"ListItem\",\"position\":2,\"name\":\"Impressum\"}]},{\"@type\":\"WebSite\",\"@id\":\"https:\\\/\\\/www.allegra.academy\\\/#website\",\"url\":\"https:\\\/\\\/www.allegra.academy\\\/\",\"name\":\"ALLEGRA ACADEMY\",\"description\":\"Eine Plattform f\u00fcr die Weiterbildung im Mountainbike-Tourismus und Langsamverkehr in Graub\u00fcnden.\",\"publisher\":{\"@id\":\"https:\\\/\\\/www.allegra.academy\\\/#organization\"},\"potentialAction\":[{\"@type\":\"SearchAction\",\"target\":{\"@type\":\"EntryPoint\",\"urlTemplate\":\"https:\\\/\\\/www.allegra.academy\\\/?s={search_term_string}\"},\"query-input\":{\"@type\":\"PropertyValueSpecification\",\"valueRequired\":true,\"valueName\":\"search_term_string\"}}],\"inLanguage\":\"en-GB\"},{\"@type\":\"Organization\",\"@id\":\"https:\\\/\\\/www.allegra.academy\\\/#organization\",\"name\":\"Allegra Academy\",\"url\":\"https:\\\/\\\/www.allegra.academy\\\/\",\"logo\":{\"@type\":\"ImageObject\",\"inLanguage\":\"en-GB\",\"@id\":\"https:\\\/\\\/www.allegra.academy\\\/#\\\/schema\\\/logo\\\/image\\\/\",\"url\":\"https:\\\/\\\/www.allegra.academy\\\/wp-content\\\/uploads\\\/2021\\\/06\\\/allegra-academy-logo-black.svg\",\"contentUrl\":\"https:\\\/\\\/www.allegra.academy\\\/wp-content\\\/uploads\\\/2021\\\/06\\\/allegra-academy-logo-black.svg\",\"width\":187,\"height\":56,\"caption\":\"Allegra Academy\"},\"image\":{\"@id\":\"https:\\\/\\\/www.allegra.academy\\\/#\\\/schema\\\/logo\\\/image\\\/\"}}]}<\/script>\n<!-- \/ Yoast SEO plugin. -->","yoast_head_json":{"title":"Imprint - ALLEGRA ACADEMY","robots":{"index":"index","follow":"follow","max-snippet":"max-snippet:-1","max-image-preview":"max-image-preview:large","max-video-preview":"max-video-preview:-1"},"canonical":"https:\/\/www.allegra.academy\/en\/imprint\/","og_locale":"en_GB","og_type":"article","og_title":"Impressum - ALLEGRA ACADEMY","og_description":"Allegra International AG Via da Mulin 107504 PontresinaSchweiz UID-Nummer: CHE-415.311.296Firmensitz: 7504 Pontresina E-Mail: info@allegra.academy Gesch\u00e4ftsf\u00fchrer Claude Balsiger Beteiligungsverh\u00e4ltnisse Gesellschafter: Claude Balsiger, Darco Cazin Haftung f\u00fcr Inhalte dieser Webseite Wir entwickeln die Inhalte dieser Webseite st\u00e4ndig weiter und bem\u00fchen uns korrekte und aktuelle Informationen bereitzustellen. Leider k\u00f6nnen wir keine Haftung f\u00fcr die Korrektheit aller Inhalte auf [&hellip;]","og_url":"https:\/\/www.allegra.academy\/en\/imprint\/","og_site_name":"ALLEGRA ACADEMY","article_modified_time":"2026-01-07T06:47:10+00:00","twitter_card":"summary_large_image","twitter_misc":{"Estimated reading time":"2 minutes"},"schema":{"@context":"https:\/\/schema.org","@graph":[{"@type":"WebPage","@id":"https:\/\/www.allegra.academy\/impressum\/","url":"https:\/\/www.allegra.academy\/impressum\/","name":"Imprint - ALLEGRA ACADEMY","isPartOf":{"@id":"https:\/\/www.allegra.academy\/#website"},"datePublished":"2021-05-02T13:56:55+00:00","dateModified":"2026-01-07T06:47:10+00:00","breadcrumb":{"@id":"https:\/\/www.allegra.academy\/impressum\/#breadcrumb"},"inLanguage":"en-GB","potentialAction":[{"@type":"ReadAction","target":["https:\/\/www.allegra.academy\/impressum\/"]}]},{"@type":"BreadcrumbList","@id":"https:\/\/www.allegra.academy\/impressum\/#breadcrumb","itemListElement":[{"@type":"ListItem","position":1,"name":"Startseite","item":"https:\/\/www.allegra.academy\/"},{"@type":"ListItem","position":2,"name":"Impressum"}]},{"@type":"WebSite","@id":"https:\/\/www.allegra.academy\/#website","url":"https:\/\/www.allegra.academy\/","name":"ALLEGRA ACADEMY","description":"An education platform for leisure cycling destinations","publisher":{"@id":"https:\/\/www.allegra.academy\/#organization"},"potentialAction":[{"@type":"SearchAction","target":{"@type":"EntryPoint","urlTemplate":"https:\/\/www.allegra.academy\/?s={search_term_string}"},"query-input":{"@type":"PropertyValueSpecification","valueRequired":true,"valueName":"search_term_string"}}],"inLanguage":"en-GB"},{"@type":"Organization","@id":"https:\/\/www.allegra.academy\/#organization","name":"Allegra Academy","url":"https:\/\/www.allegra.academy\/","logo":{"@type":"ImageObject","inLanguage":"en-GB","@id":"https:\/\/www.allegra.academy\/#\/schema\/logo\/image\/","url":"https:\/\/www.allegra.academy\/wp-content\/uploads\/2021\/06\/allegra-academy-logo-black.svg","contentUrl":"https:\/\/www.allegra.academy\/wp-content\/uploads\/2021\/06\/allegra-academy-logo-black.svg","width":187,"height":56,"caption":"Allegra Academy"},"image":{"@id":"https:\/\/www.allegra.academy\/#\/schema\/logo\/image\/"}}]}},"_links":{"self":[{"href":"https:\/\/www.allegra.academy\/en\/wp-json\/wp\/v2\/pages\/496","targetHints":{"allow":["GET"]}}],"collection":[{"href":"https:\/\/www.allegra.academy\/en\/wp-json\/wp\/v2\/pages"}],"about":[{"href":"https:\/\/www.allegra.academy\/en\/wp-json\/wp\/v2\/types\/page"}],"author":[{"embeddable":true,"href":"https:\/\/www.allegra.academy\/en\/wp-json\/wp\/v2\/users\/489"}],"replies":[{"embeddable":true,"href":"https:\/\/www.allegra.academy\/en\/wp-json\/wp\/v2\/comments?post=496"}],"version-history":[{"count":6,"href":"https:\/\/www.allegra.academy\/en\/wp-json\/wp\/v2\/pages\/496\/revisions"}],"predecessor-version":[{"id":7355,"href":"https:\/\/www.allegra.academy\/en\/wp-json\/wp\/v2\/pages\/496\/revisions\/7355"}],"wp:attachment":[{"href":"https:\/\/www.allegra.academy\/en\/wp-json\/wp\/v2\/media?parent=496"}],"curies":[{"name":"wp","href":"https:\/\/api.w.org\/{rel}","templated":true}]}}